{"id":18,"date":"2025-08-16T20:37:39","date_gmt":"2025-08-16T20:37:39","guid":{"rendered":"https:\/\/a-grupa.eu\/?page_id=18"},"modified":"2025-09-16T16:29:34","modified_gmt":"2025-09-16T16:29:34","slug":"inicio","status":"publish","type":"page","link":"https:\/\/a-grupa.eu\/en\/","title":{"rendered":"HOME"},"content":{"rendered":"<p>A-GRUPA is a network of women urban professionals engaged in processes of activation and management of urban space. We bring complementary experiences from architecture and urban planning, arts and culture, sociology, education, and active citizenship.<\/p>\n\n\n<div class=\"wp-block-image\">\n<figure class=\"alignleft size-full\"><img loading=\"lazy\" decoding=\"async\" width=\"312\" height=\"312\" src=\"https:\/\/a-grupa.eu\/wp-content\/uploads\/2025\/08\/agrupa1.webp\" alt=\"\" class=\"wp-image-19\" srcset=\"https:\/\/a-grupa.eu\/wp-content\/uploads\/2025\/08\/agrupa1.webp 312w, https:\/\/a-grupa.eu\/wp-content\/uploads\/2025\/08\/agrupa1-300x300.webp 300w, https:\/\/a-grupa.eu\/wp-content\/uploads\/2025\/08\/agrupa1-150x150.webp 150w\" sizes=\"auto, (max-width: 312px) 100vw, 312px\" \/><\/figure>\n<\/div>\n\n\n<p>City-making should be democratic, situated, and transformative. We are dedicated to bridging communities and institutions through participatory methodologies and cooperative proposals, grounding our work in co-production, co-governance, and the belief that lasting change emerges from shared care.<\/p>\n\n\n<div class=\"wp-block-image\">\n<figure class=\"alignright size-full\"><img loading=\"lazy\" decoding=\"async\" width=\"321\" height=\"319\" src=\"https:\/\/a-grupa.eu\/wp-content\/uploads\/2025\/08\/agrupa2.webp\" alt=\"\" class=\"wp-image-20\" srcset=\"https:\/\/a-grupa.eu\/wp-content\/uploads\/2025\/08\/agrupa2.webp 321w, https:\/\/a-grupa.eu\/wp-content\/uploads\/2025\/08\/agrupa2-300x298.webp 300w, https:\/\/a-grupa.eu\/wp-content\/uploads\/2025\/08\/agrupa2-150x150.webp 150w\" sizes=\"auto, (max-width: 321px) 100vw, 321px\" \/><\/figure>\n<\/div>\n\n\n<p>We believe the greatest wealth of cities lies in their people and ideas. That\u2019s why we build bridges between local knowledge, practical and academic expertise, public policies, and collaborative technologies. We bring residents, local governments, businesses, and nonprofits together to cooperate in building healthier, fairer, and more innovative cities.<br><\/p>\n\n\n<div class=\"wp-block-image\">\n<figure class=\"alignleft size-full\"><img loading=\"lazy\" decoding=\"async\" width=\"328\" height=\"425\" src=\"https:\/\/a-grupa.eu\/wp-content\/uploads\/2025\/08\/agrupa3.webp\" alt=\"\" class=\"wp-image-21\" srcset=\"https:\/\/a-grupa.eu\/wp-content\/uploads\/2025\/08\/agrupa3.webp 328w, https:\/\/a-grupa.eu\/wp-content\/uploads\/2025\/08\/agrupa3-232x300.webp 232w\" sizes=\"auto, (max-width: 328px) 100vw, 328px\" \/><\/figure>\n<\/div>\n\n\n<h2 class=\"wp-block-heading\">Let\u2019s change the city for the better, together!<\/h2>\n\n\n\n<h3 class=\"wp-block-heading\">We work with:<\/h3>\n\n\n\n<ul class=\"wp-block-list\">\n<li>Tactical and collaborative urbanism<\/li>\n\n\n\n<li>Design and facilitation of participatory and co-governance processes<\/li>\n\n\n\n<li>Art, activism, and urban culture initiatives<\/li>\n\n\n\n<li>Consultorias a \u00f3rg\u00e3os do poder p\u00fablico<\/li>\n\n\n\n<li>Capacity building for public actors and local communities<\/li>\n\n\n\n<li>Scientific research<\/li>\n<\/ul>\n\n\n\n<p><\/p>","protected":false},"excerpt":{"rendered":"<p>A-GRUPA \u00e9 uma rede de mulheres profissionais do urbanismo que atuam em processos de ativa\u00e7\u00e3o e gest\u00e3o do espa\u00e7o urbano. Trazemos experi\u00eancias complementares nas \u00e1reas da arquitetura, urbanismo, artes, cultura, sociologia, educa\u00e7\u00e3o e cidadania ativa. A cidade deve considerar a todos. Nos dedicamos a aproximar comunidades e institui\u00e7\u00f5es por meio de metodologias participativas e propostas [&hellip;]<\/p>\n","protected":false},"author":1,"featured_media":0,"parent":0,"menu_order":0,"comment_status":"closed","ping_status":"closed","template":"","meta":{"_acf_changed":false,"footnotes":""},"class_list":["post-18","page","type-page","status-publish","hentry"],"acf":[],"_links":{"self":[{"href":"https:\/\/a-grupa.eu\/en\/wp-json\/wp\/v2\/pages\/18","targetHints":{"allow":["GET"]}}],"collection":[{"href":"https:\/\/a-grupa.eu\/en\/wp-json\/wp\/v2\/pages"}],"about":[{"href":"https:\/\/a-grupa.eu\/en\/wp-json\/wp\/v2\/types\/page"}],"author":[{"embeddable":true,"href":"https:\/\/a-grupa.eu\/en\/wp-json\/wp\/v2\/users\/1"}],"replies":[{"embeddable":true,"href":"https:\/\/a-grupa.eu\/en\/wp-json\/wp\/v2\/comments?post=18"}],"version-history":[{"count":6,"href":"https:\/\/a-grupa.eu\/en\/wp-json\/wp\/v2\/pages\/18\/revisions"}],"predecessor-version":[{"id":252,"href":"https:\/\/a-grupa.eu\/en\/wp-json\/wp\/v2\/pages\/18\/revisions\/252"}],"wp:attachment":[{"href":"https:\/\/a-grupa.eu\/en\/wp-json\/wp\/v2\/media?parent=18"}],"curies":[{"name":"wp","href":"https:\/\/api.w.org\/{rel}","templated":true}]}}