{"id":2,"date":"2025-08-16T19:20:19","date_gmt":"2025-08-16T19:20:19","guid":{"rendered":"https:\/\/a-grupa.eu\/?page_id=2"},"modified":"2025-09-18T10:50:51","modified_gmt":"2025-09-18T10:50:51","slug":"sample-page","status":"publish","type":"page","link":"https:\/\/a-grupa.eu\/en\/sample-page\/","title":{"rendered":"HOW WE WORK"},"content":{"rendered":"<div class=\"wp-block-image\">\n<figure class=\"alignleft size-full\"><img loading=\"lazy\" decoding=\"async\" width=\"345\" height=\"345\" src=\"https:\/\/a-grupa.eu\/wp-content\/uploads\/2025\/08\/agrupa4.webp\" alt=\"\" class=\"wp-image-33\" srcset=\"https:\/\/a-grupa.eu\/wp-content\/uploads\/2025\/08\/agrupa4.webp 345w, https:\/\/a-grupa.eu\/wp-content\/uploads\/2025\/08\/agrupa4-300x300.webp 300w, https:\/\/a-grupa.eu\/wp-content\/uploads\/2025\/08\/agrupa4-150x150.webp 150w\" sizes=\"auto, (max-width: 345px) 100vw, 345px\" \/><\/figure>\n<\/div>\n\n\n<h2 class=\"wp-block-heading\">We provide end-to-end support for community engagement: from strategy to shared governance.<\/h2>\n\n\n\n<div style=\"height:43px\" aria-hidden=\"true\" class=\"wp-block-spacer\"><\/div>\n\n\n\n<h3 class=\"wp-block-heading\">Strategy<\/h3>\n\n\n\n<p>We map and align people, tools, and actions to meet the specific goals of each project.<\/p>\n\n\n\n<h3 class=\"wp-block-heading\">Research<\/h3>\n\n\n\n<p>We design collaborative research methodologies and tools, working with communities to generate useful and applicable knowledge.<\/p>\n\n\n\n<h3 class=\"wp-block-heading\">Co-production<\/h3>\n\n\n\n<p>We lead participatory processes to co-create and test inclusive, evidence-based solutions, mediating relationships among diverse stakeholders.<\/p>\n\n\n\n<h3 class=\"wp-block-heading\">Implementation<\/h3>\n\n\n\n<p>We support communication, ownership, and ongoing improvement of solutions on the ground, ensuring real impact and adaptability.<\/p>\n\n\n\n<h3 class=\"wp-block-heading\">Co-governance<\/h3>\n\n\n\n<p>Desenvolvemos modelos personalizados de governa\u00e7\u00e3o partilhada entre os grupos envolvidos, visando a otimiza\u00e7\u00e3o de recursos e a gest\u00e3o inteligente do que \u00e9 necess\u00e1rio para avan\u00e7ar numa vis\u00e3o comum.<\/p>","protected":false},"excerpt":{"rendered":"<p>Oferecemos apoio completo \u00e0 participa\u00e7\u00e3o cidad\u00e3: da estrat\u00e9gia \u00e0 co-governa\u00e7\u00e3o. ESTRAT\u00c9GIA Mapeamos e articulamos pessoas, ferramentas e a\u00e7\u00f5es para alcan\u00e7ar os objetivos espec\u00edficos de cada projeto. INVESTIGA\u00c7\u00c3O Desenhamos metodologias e ferramentas de pesquisa colaborativa, analisando dados junto \u00e0s comunidades para gerar conhecimento \u00fatil e aplic\u00e1vel. CO-PRODU\u00c7\u00c3O Conduzimos processos participativos para co-criar e testar solu\u00e7\u00f5es inclusivas [&hellip;]<\/p>\n","protected":false},"author":1,"featured_media":0,"parent":0,"menu_order":0,"comment_status":"closed","ping_status":"open","template":"","meta":{"_acf_changed":false,"footnotes":""},"class_list":["post-2","page","type-page","status-publish","hentry"],"acf":[],"_links":{"self":[{"href":"https:\/\/a-grupa.eu\/en\/wp-json\/wp\/v2\/pages\/2","targetHints":{"allow":["GET"]}}],"collection":[{"href":"https:\/\/a-grupa.eu\/en\/wp-json\/wp\/v2\/pages"}],"about":[{"href":"https:\/\/a-grupa.eu\/en\/wp-json\/wp\/v2\/types\/page"}],"author":[{"embeddable":true,"href":"https:\/\/a-grupa.eu\/en\/wp-json\/wp\/v2\/users\/1"}],"replies":[{"embeddable":true,"href":"https:\/\/a-grupa.eu\/en\/wp-json\/wp\/v2\/comments?post=2"}],"version-history":[{"count":10,"href":"https:\/\/a-grupa.eu\/en\/wp-json\/wp\/v2\/pages\/2\/revisions"}],"predecessor-version":[{"id":225,"href":"https:\/\/a-grupa.eu\/en\/wp-json\/wp\/v2\/pages\/2\/revisions\/225"}],"wp:attachment":[{"href":"https:\/\/a-grupa.eu\/en\/wp-json\/wp\/v2\/media?parent=2"}],"curies":[{"name":"wp","href":"https:\/\/api.w.org\/{rel}","templated":true}]}}